{"id":2301,"date":"2019-11-29T12:47:56","date_gmt":"2019-11-29T11:47:56","guid":{"rendered":"https:\/\/thermprotec.kopfmedia.de\/products\/joining\/ssu-smart-soldering-unit\/"},"modified":"2025-06-13T11:40:37","modified_gmt":"2025-06-13T09:40:37","slug":"ssu-smart-soldering-unit","status":"publish","type":"page","link":"https:\/\/www.thermprotec.com\/en\/products\/joining\/ssu-smart-soldering-unit\/","title":{"rendered":"SSU | SMART SOLDERING UNIT"},"content":{"rendered":"<p>[et_pb_section fb_built=&#8221;1&#8243; fullwidth=&#8221;on&#8221; _builder_version=&#8221;4.27.4&#8243; hover_enabled=&#8221;0&#8243; global_colors_info=&#8221;{}&#8221; dvmd_acat_aria_label=&#8221;Close-up of a ThermProTec induction brazing station with copper component during the brazing process of hard metals onto a carrier plate.&#8221; sticky_enabled=&#8221;0&#8243;][et_pb_fullwidth_slider _builder_version=&#8221;4.16&#8243; global_colors_info=&#8221;{}&#8221;][et_pb_slide use_bg_overlay=&#8221;on&#8221; bg_overlay_color=&#8221;rgba(45,45,42,0.45)&#8221; use_text_overlay=&#8221;off&#8221; _builder_version=&#8221;4.16&#8243; background_image=&#8221;https:\/\/thermprotec-19a5a.kxcdn.com\/wp-content\/uploads\/2019\/11\/ssu-smart_soldering_unit-5.jpg&#8221; background_enable_image=&#8221;on&#8221; hover_transition_duration=&#8221;0ms&#8221; global_colors_info=&#8221;{}&#8221; sticky_transition=&#8221;on&#8221;]<\/p>\n<p class=\"slider-caption\">Efficient brazing of hard metals<\/p>\n<p>[\/et_pb_slide][\/et_pb_fullwidth_slider][\/et_pb_section][et_pb_section fb_built=&#8221;1&#8243; _builder_version=&#8221;4.16&#8243; background_color=&#8221;#f9f9f9&#8243; global_colors_info=&#8221;{}&#8221;][et_pb_row column_structure=&#8221;3_5,2_5&#8243; _builder_version=&#8221;4.16&#8243; global_colors_info=&#8221;{}&#8221;][et_pb_column type=&#8221;3_5&#8243; _builder_version=&#8221;4.16&#8243; global_colors_info=&#8221;{}&#8221;][et_pb_text _builder_version=&#8221;4.16&#8243; global_colors_info=&#8221;{}&#8221;]<\/p>\n<div class=\"col-xs-content mp-push\">\n<div class=\"layout-714 col-xs-content col-xs-12 col-sm-12 col-md-12\">\n<div class=\"col-md-7 col-xs-12 col-sm-12\">\n<div class=\"no-margin col-xs-12 default\">\n<div class=\"col-xs-content mp-push\">\n<header id=\"cid-84915\">\n<h1 class=\" csc-firstHeader\">SSU | SMART SOLDERING UNIT<\/h1>\n<\/header>\n<\/div>\n<\/div>\n<\/div>\n<\/div>\n<\/div>\n<p>[\/et_pb_text][et_pb_text _builder_version=&#8221;4.16&#8243; global_colors_info=&#8221;{}&#8221;]<\/p>\n<h2>Application<\/h2>\n<p> Another joining process used to join metal components is brazing. Typical applications are the manufacture of drilling tools, where a hard metal cutting edge is applied to a soft carrier. <o:p><\/o:p><\/p>\n<h2>Plant technology<o:p><\/o:p><\/h2>\n<p>We have developed small soldering stations especially for this application. These soldering stations with 50kW induction systems and integrated temperature measurement by pyrometer have an automated process control. In addition to these small systems, we can also supply fully automatic inert systems with complete handling for large quantities. <o:p><\/o:p><\/p>\n<h2>Performance range<\/h2>\n<p>Our plant spectrum ranges from the design to the turnkey plant.<o:p><\/o:p><\/p>\n<p>[\/et_pb_text][et_pb_text module_class=&#8221;contact-info contact-info-product-page&#8221; _builder_version=&#8221;4.19.1&#8243; text_text_color=&#8221;#000000&#8243; global_module=&#8221;1881&#8243; global_colors_info=&#8221;{}&#8221;]<\/p>\n<p>You are interested, have questions or suggestions?<br \/>\nOur team is at your disposal. We look forward to your message! <\/p>\n<p class=\"footer-info email-black\"><a href=\"mailto:info@thermprotec.de\">info@thermprotec.com<\/a><\/p>\n<p class=\"footer-info phone-black\"><a href=\"tel:+497854987110\">+49 (7854) 98711 0<\/a><\/p>\n<p class=\"footer-info address-black\">Zunftstr. 20 | 77694 Kehl-Marlen | DE<\/p>\n<p>[\/et_pb_text][\/et_pb_column][et_pb_column type=&#8221;2_5&#8243; _builder_version=&#8221;4.16&#8243; global_colors_info=&#8221;{}&#8221;][et_pb_image src=&#8221;https:\/\/thermprotec-19a5a.kxcdn.com\/wp-content\/uploads\/2019\/11\/ssu-smart_soldering_unit-6-1-1.jpg&#8221; _builder_version=&#8221;4.27.4&#8243; hover_enabled=&#8221;0&#8243; global_colors_info=&#8221;{}&#8221; dvmd_acat_aria_label=&#8221;Vollautomatische Induktionsl\u00f6tstation von ThermProTec mit Steuerpult und Induktionskopf, geeignet f\u00fcr das Hartl\u00f6ten von Metallkomponenten in Serienfertigung.&#8221; sticky_enabled=&#8221;0&#8243;][\/et_pb_image][et_pb_text _builder_version=&#8221;4.0.4&#8243; custom_margin=&#8221;||-4px|||&#8221; global_module=&#8221;1964&#8243; global_colors_info=&#8221;{}&#8221;]<\/p>\n<h3>Related products:<\/h3>\n<p>[\/et_pb_text][et_pb_menu menu_id=&#8221;18&#8243; module_class=&#8221;produktmenue&#8221; _builder_version=&#8221;4.16&#8243; global_colors_info=&#8221;{}&#8221;][\/et_pb_menu][\/et_pb_column][\/et_pb_row][\/et_pb_section][et_pb_section fb_built=&#8221;1&#8243; module_class=&#8221;pre-footer&#8221; _builder_version=&#8221;4.16&#8243; custom_margin=&#8221;|0px||0px|false|true&#8221; custom_padding=&#8221;50px|0px|50px|0px|false|true&#8221; global_colors_info=&#8221;{}&#8221;][et_pb_row column_structure=&#8221;1_3,1_3,1_3&#8243; custom_padding_last_edited=&#8221;on|phone&#8221; _builder_version=&#8221;4.16&#8243; background_size=&#8221;initial&#8221; background_position=&#8221;top_left&#8221; background_repeat=&#8221;repeat&#8221; width=&#8221;100%&#8221; custom_padding=&#8221;0px|0px|0px|0px|false|true&#8221; custom_padding_tablet=&#8221;|80px|50px|80px|false|true&#8221; custom_padding_phone=&#8221;|60px||60px|false|true&#8221; global_colors_info=&#8221;{}&#8221;][et_pb_column type=&#8221;1_3&#8243; _builder_version=&#8221;4.16&#8243; global_colors_info=&#8221;{}&#8221;][et_pb_image src=&#8221;https:\/\/thermprotec-19a5a.kxcdn.com\/wp-content\/themes\/thermprotec\/images\/thermprotec-logo-complete-white.svg&#8221; _builder_version=&#8221;4.16&#8243; max_width=&#8221;40%&#8221; custom_margin=&#8221;||0px|-20px|false|false&#8221; custom_margin_tablet=&#8221;|||-35px|false|false&#8221; custom_margin_phone=&#8221;|||-20px|false|false&#8221; custom_margin_last_edited=&#8221;on|desktop&#8221; global_colors_info=&#8221;{}&#8221;][\/et_pb_image][et_pb_text _builder_version=&#8221;4.16&#8243; text_text_color=&#8221;#ffffff&#8221; custom_margin=&#8221;0px|||0px|false|false&#8221; custom_padding=&#8221;0px||||false|false&#8221; global_colors_info=&#8221;{}&#8221;]From process development to turnkey production facilities. We develop innovative solutions in the field of thermal process technology. <span id=\"u4392\" class=\"Plain-text\">From the automotive industry to mining, you are in good hands with us<\/span>.[\/et_pb_text][\/et_pb_column][et_pb_column type=&#8221;1_3&#8243; _builder_version=&#8221;4.16&#8243; global_colors_info=&#8221;{}&#8221;][et_pb_text _builder_version=&#8221;4.16&#8243; text_font=&#8221;|700|||||||&#8221; text_font_size=&#8221;18px&#8221; background_layout=&#8221;dark&#8221; min_height=&#8221;20px&#8221; custom_margin=&#8221;20px|25%|25px||false|false&#8221; custom_padding=&#8221;||10px||false|false&#8221; border_width_bottom=&#8221;2px&#8221; border_color_bottom=&#8221;#757575&#8243; global_colors_info=&#8221;{}&#8221;]<\/p>\n<p>Useful links<\/p>\n<p>[\/et_pb_text][et_pb_text _builder_version=&#8221;4.16&#8243; text_text_color=&#8221;#ffffff&#8221; background_layout=&#8221;dark&#8221; min_height=&#8221;102px&#8221; custom_margin=&#8221;0px||||false|false&#8221; custom_padding=&#8221;0px|||||&#8221; global_colors_info=&#8221;{}&#8221;]<\/p>\n<p><a href=\"https:\/\/www.thermprotec.com\/en\/company\/\">Company<\/a><\/p>\n<p><a href=\"https:\/\/www.thermprotec.com\/en\/branches\/\">Industries<\/a><\/p>\n<p><a href=\"https:\/\/www.thermprotec.com\/en\/products\/\">Products<\/a><\/p>\n<p>[\/et_pb_text][\/et_pb_column][et_pb_column type=&#8221;1_3&#8243; _builder_version=&#8221;4.16&#8243; global_colors_info=&#8221;{}&#8221;][et_pb_text _builder_version=&#8221;4.16&#8243; text_font=&#8221;|700|||||||&#8221; text_font_size=&#8221;18px&#8221; background_layout=&#8221;dark&#8221; min_height=&#8221;20px&#8221; custom_margin=&#8221;20px|25%|25px||false|false&#8221; custom_padding=&#8221;||10px||false|false&#8221; border_width_bottom=&#8221;2px&#8221; border_color_bottom=&#8221;#757575&#8243; global_colors_info=&#8221;{}&#8221;]<\/p>\n<p>Contact<\/p>\n<p>[\/et_pb_text][et_pb_text module_class=&#8221;contact&#8221; _builder_version=&#8221;4.19.1&#8243; text_text_color=&#8221;#ffffff&#8221; background_layout=&#8221;dark&#8221; custom_margin=&#8221;0px||||false|false&#8221; custom_padding=&#8221;0px|||||&#8221; global_colors_info=&#8221;{}&#8221;]<\/p>\n<p class=\"footer-info email\"><a href=\"mailto:info@thermprotec.com\">info@thermprotec.com<\/a><\/p>\n<p class=\"footer-info phone\"><a href=\"tel:+497854987110\">+49 (7854) 98711 0<\/a><\/p>\n<p class=\"footer-info address\">Zunftstr. 20 | 77694 Kehl-Marlen | DE<\/p>\n<p>[\/et_pb_text][\/et_pb_column][\/et_pb_row][\/et_pb_section]<\/p>\n","protected":false},"excerpt":{"rendered":"<p>Efficient brazing of hard metals SSU | SMART SOLDERING UNIT Application Another joining process used to join metal components is brazing. Typical applications are the manufacture of drilling tools, where a hard metal cutting edge is applied to a soft carrier. Plant technology We have developed small soldering stations especially for this application. These soldering [&hellip;]<\/p>\n","protected":false},"author":1,"featured_media":3491,"parent":2287,"menu_order":0,"comment_status":"closed","ping_status":"closed","template":"","meta":{"_et_pb_use_builder":"on","_et_pb_old_content":"<!-- wp:divi\/placeholder \/-->","_et_gb_content_width":"","inline_featured_image":false,"footnotes":""},"class_list":["post-2301","page","type-page","status-publish","has-post-thumbnail","hentry"],"_links":{"self":[{"href":"https:\/\/www.thermprotec.com\/en\/wp-json\/wp\/v2\/pages\/2301","targetHints":{"allow":["GET"]}}],"collection":[{"href":"https:\/\/www.thermprotec.com\/en\/wp-json\/wp\/v2\/pages"}],"about":[{"href":"https:\/\/www.thermprotec.com\/en\/wp-json\/wp\/v2\/types\/page"}],"author":[{"embeddable":true,"href":"https:\/\/www.thermprotec.com\/en\/wp-json\/wp\/v2\/users\/1"}],"replies":[{"embeddable":true,"href":"https:\/\/www.thermprotec.com\/en\/wp-json\/wp\/v2\/comments?post=2301"}],"version-history":[{"count":9,"href":"https:\/\/www.thermprotec.com\/en\/wp-json\/wp\/v2\/pages\/2301\/revisions"}],"predecessor-version":[{"id":3405,"href":"https:\/\/www.thermprotec.com\/en\/wp-json\/wp\/v2\/pages\/2301\/revisions\/3405"}],"up":[{"embeddable":true,"href":"https:\/\/www.thermprotec.com\/en\/wp-json\/wp\/v2\/pages\/2287"}],"wp:featuredmedia":[{"embeddable":true,"href":"https:\/\/www.thermprotec.com\/en\/wp-json\/wp\/v2\/media\/3491"}],"wp:attachment":[{"href":"https:\/\/www.thermprotec.com\/en\/wp-json\/wp\/v2\/media?parent=2301"}],"curies":[{"name":"wp","href":"https:\/\/api.w.org\/{rel}","templated":true}]}}