{"id":2287,"date":"2019-11-29T11:53:01","date_gmt":"2019-11-29T10:53:01","guid":{"rendered":"https:\/\/thermprotec.kopfmedia.de\/products\/joining\/"},"modified":"2025-06-13T11:21:56","modified_gmt":"2025-06-13T09:21:56","slug":"joining","status":"publish","type":"page","link":"https:\/\/www.thermprotec.com\/en\/products\/joining\/","title":{"rendered":"Joining"},"content":{"rendered":"<p>[et_pb_section fb_built=&#8221;1&#8243; fullwidth=&#8221;on&#8221; module_class=&#8221;km_hero-slider&#8221; _builder_version=&#8221;4.27.4&#8243; parallax=&#8221;on&#8221; hover_enabled=&#8221;0&#8243; global_colors_info=&#8221;{}&#8221; dvmd_acat_aria_label=&#8221;Front view of the SIU-J | SMART INDUCTION UNIT JOINING machine from ThermProTec. The housing of the system with the ThermProTec logo can be seen in the foreground. Below it is the round opening of the induction unit, which is used for shrinking and joining metal components.&#8221; sticky_enabled=&#8221;0&#8243;][et_pb_fullwidth_slider use_bg_overlay=&#8221;off&#8221; use_text_overlay=&#8221;off&#8221; _builder_version=&#8221;4.16&#8243; header_font=&#8221;||||||||&#8221; background_color=&#8221;rgba(0,0,0,0)&#8221; background_color_gradient_direction=&#8221;330deg&#8221; parallax=&#8221;on&#8221; content_width_tablet=&#8221;&#8221; content_width_phone=&#8221;&#8221; content_width_last_edited=&#8221;on|phone&#8221; height_tablet=&#8221;&#8221; height_phone=&#8221;&#8221; height_last_edited=&#8221;on|phone&#8221; max_height_tablet=&#8221;500px&#8221; max_height_phone=&#8221;300px&#8221; max_height_last_edited=&#8221;on|tablet&#8221; custom_padding=&#8221;189px||266px|||&#8221; custom_padding_tablet=&#8221;|||&#8221; custom_padding_phone=&#8221;|||&#8221; box_shadow_style=&#8221;preset6&#8243; box_shadow_blur=&#8221;10px&#8221; box_shadow_color=&#8221;rgba(0,0,0,0.1)&#8221; global_colors_info=&#8221;{}&#8221; button_text_size__hover_enabled=&#8221;off&#8221; button_one_text_size__hover_enabled=&#8221;off&#8221; button_two_text_size__hover_enabled=&#8221;off&#8221; button_text_color__hover_enabled=&#8221;off&#8221; button_one_text_color__hover_enabled=&#8221;off&#8221; button_two_text_color__hover_enabled=&#8221;off&#8221; button_border_width__hover_enabled=&#8221;off&#8221; button_one_border_width__hover_enabled=&#8221;off&#8221; button_two_border_width__hover_enabled=&#8221;off&#8221; button_border_color__hover_enabled=&#8221;off&#8221; button_one_border_color__hover_enabled=&#8221;off&#8221; button_two_border_color__hover_enabled=&#8221;off&#8221; button_border_radius__hover_enabled=&#8221;off&#8221; button_one_border_radius__hover_enabled=&#8221;off&#8221; button_two_border_radius__hover_enabled=&#8221;off&#8221; button_letter_spacing__hover_enabled=&#8221;off&#8221; button_one_letter_spacing__hover_enabled=&#8221;off&#8221; button_two_letter_spacing__hover_enabled=&#8221;off&#8221; button_bg_color__hover_enabled=&#8221;off&#8221; button_one_bg_color__hover_enabled=&#8221;off&#8221; button_two_bg_color__hover_enabled=&#8221;off&#8221;][et_pb_slide use_bg_overlay=&#8221;on&#8221; bg_overlay_color=&#8221;rgba(45,45,42,0.45)&#8221; _builder_version=&#8221;4.16&#8243; background_enable_color=&#8221;off&#8221; background_image=&#8221;https:\/\/thermprotec-19a5a.kxcdn.com\/wp-content\/uploads\/2019\/11\/siu-j_smart_induction_unit_joining-4.jpg&#8221; background_enable_image=&#8221;on&#8221; global_colors_info=&#8221;{}&#8221; button_text_size__hover_enabled=&#8221;off&#8221; button_one_text_size__hover_enabled=&#8221;off&#8221; button_two_text_size__hover_enabled=&#8221;off&#8221; button_text_color__hover_enabled=&#8221;off&#8221; button_one_text_color__hover_enabled=&#8221;off&#8221; button_two_text_color__hover_enabled=&#8221;off&#8221; button_border_width__hover_enabled=&#8221;off&#8221; button_one_border_width__hover_enabled=&#8221;off&#8221; button_two_border_width__hover_enabled=&#8221;off&#8221; button_border_color__hover_enabled=&#8221;off&#8221; button_one_border_color__hover_enabled=&#8221;off&#8221; button_two_border_color__hover_enabled=&#8221;off&#8221; button_border_radius__hover_enabled=&#8221;off&#8221; button_one_border_radius__hover_enabled=&#8221;off&#8221; button_two_border_radius__hover_enabled=&#8221;off&#8221; button_letter_spacing__hover_enabled=&#8221;off&#8221; button_one_letter_spacing__hover_enabled=&#8221;off&#8221; button_two_letter_spacing__hover_enabled=&#8221;off&#8221; button_bg_color__hover_enabled=&#8221;off&#8221; button_one_bg_color__hover_enabled=&#8221;off&#8221; button_two_bg_color__hover_enabled=&#8221;off&#8221; sticky_transition=&#8221;on&#8221;]<\/p>\n<p class=\"slider-caption\">SIU-J | SMART INDUCTION UNIT JOINING<\/p>\n<p><a class=\"more-button\" href=\"https:\/\/www.thermprotec.com\/en\/products\/joining\/siu-j-smart-induction-unit-joining\/\">Learn more<\/a><\/p>\n<p>[\/et_pb_slide][et_pb_slide use_bg_overlay=&#8221;on&#8221; bg_overlay_color=&#8221;rgba(45,45,42,0.45)&#8221; _builder_version=&#8221;4.16&#8243; background_enable_color=&#8221;off&#8221; use_background_color_gradient=&#8221;on&#8221; background_color_gradient_stops=&#8221;rgba(0,0,0,0) 0%|rgba(0,0,0,0.61) 100%&#8221; background_color_gradient_overlays_image=&#8221;on&#8221; background_color_gradient_start=&#8221;rgba(0,0,0,0)&#8221; background_color_gradient_end=&#8221;rgba(0,0,0,0.61)&#8221; background_image=&#8221;https:\/\/thermprotec-19a5a.kxcdn.com\/wp-content\/uploads\/2019\/11\/ssu-smart_soldering_unit-1.jpg&#8221; background_enable_image=&#8221;on&#8221; global_colors_info=&#8221;{}&#8221; button_text_size__hover_enabled=&#8221;off&#8221; button_one_text_size__hover_enabled=&#8221;off&#8221; button_two_text_size__hover_enabled=&#8221;off&#8221; button_text_color__hover_enabled=&#8221;off&#8221; button_one_text_color__hover_enabled=&#8221;off&#8221; button_two_text_color__hover_enabled=&#8221;off&#8221; button_border_width__hover_enabled=&#8221;off&#8221; button_one_border_width__hover_enabled=&#8221;off&#8221; button_two_border_width__hover_enabled=&#8221;off&#8221; button_border_color__hover_enabled=&#8221;off&#8221; button_one_border_color__hover_enabled=&#8221;off&#8221; button_two_border_color__hover_enabled=&#8221;off&#8221; button_border_radius__hover_enabled=&#8221;off&#8221; button_one_border_radius__hover_enabled=&#8221;off&#8221; button_two_border_radius__hover_enabled=&#8221;off&#8221; button_letter_spacing__hover_enabled=&#8221;off&#8221; button_one_letter_spacing__hover_enabled=&#8221;off&#8221; button_two_letter_spacing__hover_enabled=&#8221;off&#8221; button_bg_color__hover_enabled=&#8221;off&#8221; button_one_bg_color__hover_enabled=&#8221;off&#8221; button_two_bg_color__hover_enabled=&#8221;off&#8221; sticky_transition=&#8221;on&#8221;]<\/p>\n<p class=\"slider-caption\">SSU | SMART SOLDERING UNIT<\/p>\n<p><a class=\"more-button\" href=\"https:\/\/www.thermprotec.com\/en\/products\/joining\/ssu-smart-soldering-unit\/\">Learn more<\/a><\/p>\n<p>[\/et_pb_slide][\/et_pb_fullwidth_slider][\/et_pb_section][et_pb_section fb_built=&#8221;1&#8243; _builder_version=&#8221;4.16&#8243; background_color=&#8221;#f9f9f9&#8243; custom_padding=&#8221;||0px|||&#8221; global_colors_info=&#8221;{}&#8221;][et_pb_row column_structure=&#8221;3_5,2_5&#8243; _builder_version=&#8221;4.16&#8243; global_colors_info=&#8221;{}&#8221;][et_pb_column type=&#8221;3_5&#8243; _builder_version=&#8221;4.16&#8243; global_colors_info=&#8221;{}&#8221;][et_pb_text _builder_version=&#8221;4.16&#8243; global_colors_info=&#8221;{}&#8221;]<\/p>\n<div class=\"col-xs-content mp-push\">\n<div class=\"layout-714 col-xs-content col-xs-12 col-sm-12 col-md-12\">\n<div class=\"col-md-7 col-xs-12 col-sm-12\">\n<div class=\"no-margin col-xs-12 default\">\n<div class=\"col-xs-content mp-push\">\n<header id=\"cid-84915\">\n<h1 class=\" csc-firstHeader\">Smart equipment for joining<\/h1>\n<\/header>\n<\/div>\n<\/div>\n<\/div>\n<\/div>\n<\/div>\n<p>[\/et_pb_text][et_pb_text _builder_version=&#8221;4.16&#8243; global_colors_info=&#8221;{}&#8221;]<\/p>\n<p>b Systems for shrink-fitting components (<a href=\"https:\/\/www.thermprotec.com\/en\/products\/joining\/siu-j-smart-induction-unit-joining\/\">SIU-J | SMART INDUCTION UNIT JOINING<\/a>) or for soldering components (<a href=\"https:\/\/www.thermprotec.com\/en\/products\/joining\/ssu-smart-soldering-unit\/\">SSU | SMART SOLDERING UNIT<\/a>), ThermProTEC offers you the suitable special solution for joining.<\/p>\n<p>[\/et_pb_text][\/et_pb_column][et_pb_column type=&#8221;2_5&#8243; _builder_version=&#8221;4.16&#8243; global_colors_info=&#8221;{}&#8221;][\/et_pb_column][\/et_pb_row][\/et_pb_section][et_pb_section fb_built=&#8221;1&#8243; _builder_version=&#8221;4.16&#8243; use_background_color_gradient=&#8221;on&#8221; background_color_gradient_stops=&#8221;#ffffff 0%|rgba(255,255,255,0.89) 100%&#8221; background_color_gradient_overlays_image=&#8221;on&#8221; background_color_gradient_start=&#8221;#ffffff&#8221; background_color_gradient_end=&#8221;rgba(255,255,255,0.89)&#8221; background_image=&#8221;https:\/\/thermprotec-19a5a.kxcdn.com\/wp-content\/uploads\/2019\/11\/bg-polygon3.jpg&#8221; custom_padding=&#8221;31px||37px|||&#8221; global_colors_info=&#8221;{}&#8221;][et_pb_row column_structure=&#8221;1_4,1_4,1_4,1_4&#8243; use_custom_gutter=&#8221;on&#8221; gutter_width=&#8221;1&#8243; make_equal=&#8221;on&#8221; module_class=&#8221;km_4x1_square&#8221; _builder_version=&#8221;4.16&#8243; custom_margin=&#8221;||||false|false&#8221; custom_padding=&#8221;||||false|false&#8221; global_colors_info=&#8221;{}&#8221;][et_pb_column type=&#8221;1_4&#8243; module_class=&#8221;no-border&#8221; _builder_version=&#8221;4.16&#8243; global_colors_info=&#8221;{}&#8221;][\/et_pb_column][et_pb_column type=&#8221;1_4&#8243; _builder_version=&#8221;4.16&#8243; _dynamic_attributes=&#8221;link_option_url&#8221; link_option_url=&#8221;@ET-DC@eyJkeW5hbWljIjp0cnVlLCJjb250ZW50IjoicG9zdF9saW5rX3VybF9wYWdlIiwic2V0dGluZ3MiOnsicG9zdF9pZCI6Ijc0NyJ9fQ==@&#8221; global_colors_info=&#8221;{}&#8221;][et_pb_text _builder_version=&#8221;4.16&#8243; header_font=&#8221;||||||||&#8221; header_2_font=&#8221;||||||||&#8221; header_3_font=&#8221;|300||on|||||&#8221; global_colors_info=&#8221;{}&#8221;]<\/p>\n<h3 style=\"text-align: center;\">SIU-J | SMART INDUCTION UNIT JOINING<\/h3>\n<p>[\/et_pb_text][et_pb_image src=&#8221;https:\/\/thermprotec-19a5a.kxcdn.com\/wp-content\/uploads\/2019\/11\/thermprotec-produkte-kategorie-1&#215;1-siu-j-700px-19.jpg&#8221; _builder_version=&#8221;4.27.4&#8243; width=&#8221;100%&#8221; hover_enabled=&#8221;0&#8243; global_colors_info=&#8221;{}&#8221; dvmd_acat_aria_label=&#8221;3D rendering of the SIU-J | SMART INDUCTION UNIT JOINING machine from ThermProTec. The compact system is housed in an aluminum frame with protective cladding made of transparent plastic. The platform contains units for induction heating and a vertical handling system with safety light barriers and traffic light display.&#8221; sticky_enabled=&#8221;0&#8243;][\/et_pb_image][et_pb_text _builder_version=&#8221;4.16&#8243; custom_padding=&#8221;15px||||false|false&#8221; global_colors_info=&#8221;{}&#8221;]<\/p>\n<p>Shrinking is the best way to join two components quickly and easily. Here the thermal expansion of a metal is used. ThermProTEC has developed the compact plant <a href=\"https:\/\/www.thermprotec.com\/en\/products\/joining\/ssu-smart-soldering-unit\/\">SIU-J | SMART INDUCTION UNIT JOINING<\/a>.<\/p>\n<p>[\/et_pb_text][\/et_pb_column][et_pb_column type=&#8221;1_4&#8243; _builder_version=&#8221;4.16&#8243; _dynamic_attributes=&#8221;link_option_url&#8221; link_option_url=&#8221;@ET-DC@eyJkeW5hbWljIjp0cnVlLCJjb250ZW50IjoicG9zdF9saW5rX3VybF9wYWdlIiwic2V0dGluZ3MiOnsicG9zdF9pZCI6Ijc0NSJ9fQ==@&#8221; global_colors_info=&#8221;{}&#8221;][et_pb_text _builder_version=&#8221;4.16&#8243; header_font=&#8221;||||||||&#8221; header_2_font=&#8221;||||||||&#8221; header_3_font=&#8221;|300||on|||||&#8221; global_colors_info=&#8221;{}&#8221;]<\/p>\n<h3 style=\"text-align: center;\">SSU | SMART SOLDERING UNIT<\/h3>\n<p>[\/et_pb_text][et_pb_image src=&#8221;https:\/\/thermprotec-19a5a.kxcdn.com\/wp-content\/uploads\/2019\/11\/thermprotec-produkte-kategorie-1&#215;1-ssu-700px-18.jpg&#8221; _builder_version=&#8221;4.27.4&#8243; width=&#8221;100%&#8221; hover_enabled=&#8221;0&#8243; global_colors_info=&#8221;{}&#8221; dvmd_acat_aria_label=&#8221;Foto der SSU | SMART SOLDERING UNIT von ThermProTec, einer L\u00f6tstation f\u00fcr Hartmetallplatten. Die Anlage zeigt eine Induktionsspule \u00fcber einer Werkst\u00fcckaufnahme mit eingesetzten Hartmetallschneiden. Rechts befindet sich ein pneumatischer Vorschub mit Warnsymbolen zur Positionierung der Teile vor dem L\u00f6tvorgang.&#8221; sticky_enabled=&#8221;0&#8243;][\/et_pb_image][et_pb_text _builder_version=&#8221;4.16&#8243; custom_padding=&#8221;15px||||false|false&#8221; global_colors_info=&#8221;{}&#8221;]<\/p>\n<p>ThermProTEC has developed a small soldering station &#8211; <a href=\"https:\/\/www.thermprotec.com\/en\/products\/joining\/ssu-smart-soldering-unit\/\">SSU | SMART SOLDERING UNIT<\/a> &#8211; based on induction technology for soldering hard metal plates. This allows the carbide cutting edges to be brazed quickly and efficiently with the carrier.<\/p>\n<p>[\/et_pb_text][\/et_pb_column][et_pb_column type=&#8221;1_4&#8243; module_class=&#8221;no-border&#8221; _builder_version=&#8221;4.16&#8243; global_colors_info=&#8221;{}&#8221;][\/et_pb_column][\/et_pb_row][\/et_pb_section][et_pb_section fb_built=&#8221;1&#8243; module_class=&#8221;pre-footer&#8221; _builder_version=&#8221;4.16&#8243; custom_margin=&#8221;|0px||0px|false|true&#8221; custom_padding=&#8221;50px|0px|50px|0px|false|true&#8221; global_colors_info=&#8221;{}&#8221;][et_pb_row column_structure=&#8221;1_3,1_3,1_3&#8243; custom_padding_last_edited=&#8221;on|phone&#8221; _builder_version=&#8221;4.16&#8243; background_size=&#8221;initial&#8221; background_position=&#8221;top_left&#8221; background_repeat=&#8221;repeat&#8221; width=&#8221;100%&#8221; custom_padding=&#8221;0px|0px|0px|0px|false|true&#8221; custom_padding_tablet=&#8221;|80px|50px|80px|false|true&#8221; custom_padding_phone=&#8221;|60px||60px|false|true&#8221; global_colors_info=&#8221;{}&#8221;][et_pb_column type=&#8221;1_3&#8243; _builder_version=&#8221;4.16&#8243; global_colors_info=&#8221;{}&#8221;][et_pb_image src=&#8221;https:\/\/thermprotec-19a5a.kxcdn.com\/wp-content\/themes\/thermprotec\/images\/thermprotec-logo-complete-white.svg&#8221; _builder_version=&#8221;4.16&#8243; max_width=&#8221;40%&#8221; custom_margin=&#8221;||0px|-20px|false|false&#8221; custom_margin_tablet=&#8221;|||-35px|false|false&#8221; custom_margin_phone=&#8221;|||-20px|false|false&#8221; custom_margin_last_edited=&#8221;on|desktop&#8221; global_colors_info=&#8221;{}&#8221;][\/et_pb_image][et_pb_text _builder_version=&#8221;4.16&#8243; text_text_color=&#8221;#ffffff&#8221; custom_margin=&#8221;0px|||0px|false|false&#8221; custom_padding=&#8221;0px||||false|false&#8221; global_colors_info=&#8221;{}&#8221;]From process development to turnkey production facilities. We develop innovative solutions in the field of thermal process technology. <span id=\"u4392\" class=\"Plain-text\">From the automotive industry to mining, you are in good hands with us<\/span>.[\/et_pb_text][\/et_pb_column][et_pb_column type=&#8221;1_3&#8243; _builder_version=&#8221;4.16&#8243; global_colors_info=&#8221;{}&#8221;][et_pb_text _builder_version=&#8221;4.16&#8243; text_font=&#8221;|700|||||||&#8221; text_font_size=&#8221;18px&#8221; background_layout=&#8221;dark&#8221; min_height=&#8221;20px&#8221; custom_margin=&#8221;20px|25%|25px||false|false&#8221; custom_padding=&#8221;||10px||false|false&#8221; border_width_bottom=&#8221;2px&#8221; border_color_bottom=&#8221;#757575&#8243; global_colors_info=&#8221;{}&#8221;]<\/p>\n<p>Useful links<\/p>\n<p>[\/et_pb_text][et_pb_text _builder_version=&#8221;4.16&#8243; text_text_color=&#8221;#ffffff&#8221; background_layout=&#8221;dark&#8221; min_height=&#8221;102px&#8221; custom_margin=&#8221;0px||||false|false&#8221; custom_padding=&#8221;0px|||||&#8221; global_colors_info=&#8221;{}&#8221;]<\/p>\n<p><a href=\"https:\/\/www.thermprotec.com\/en\/company\/\">Company<\/a><\/p>\n<p><a href=\"https:\/\/www.thermprotec.com\/en\/branches\/\">Industries<\/a><\/p>\n<p><a href=\"https:\/\/www.thermprotec.com\/en\/products\/\">Products<\/a><\/p>\n<p>[\/et_pb_text][\/et_pb_column][et_pb_column type=&#8221;1_3&#8243; _builder_version=&#8221;4.16&#8243; global_colors_info=&#8221;{}&#8221;][et_pb_text _builder_version=&#8221;4.16&#8243; text_font=&#8221;|700|||||||&#8221; text_font_size=&#8221;18px&#8221; background_layout=&#8221;dark&#8221; min_height=&#8221;20px&#8221; custom_margin=&#8221;20px|25%|25px||false|false&#8221; custom_padding=&#8221;||10px||false|false&#8221; border_width_bottom=&#8221;2px&#8221; border_color_bottom=&#8221;#757575&#8243; global_colors_info=&#8221;{}&#8221;]<\/p>\n<p>Contact<\/p>\n<p>[\/et_pb_text][et_pb_text module_class=&#8221;contact&#8221; _builder_version=&#8221;4.19.1&#8243; text_text_color=&#8221;#ffffff&#8221; background_layout=&#8221;dark&#8221; custom_margin=&#8221;0px||||false|false&#8221; custom_padding=&#8221;0px|||||&#8221; global_colors_info=&#8221;{}&#8221;]<\/p>\n<div class=\"et_pb_module et_pb_text et_pb_text_20 contact  et_pb_text_align_left et_pb_bg_layout_dark\">\n<div class=\"et_pb_text_inner\">\n<p class=\"footer-info email\"><a href=\"mailto:info@thermprotec.com\">info@thermprotec.com<\/a><\/p>\n<p class=\"footer-info phone\"><a href=\"tel:+497854987110\">+49 (7854) 98711 0<\/a><\/p>\n<p class=\"footer-info address\">Zunftstr. 20 | 77694 Kehl-Marlen | DE<\/p>\n<\/div>\n<\/div>\n<p>[\/et_pb_text][\/et_pb_column][\/et_pb_row][\/et_pb_section]<\/p>\n","protected":false},"excerpt":{"rendered":"<p>SIU-J | SMART INDUCTION UNIT JOINING Learn moreSSU | SMART SOLDERING UNIT Learn more Smart equipment for joining b Systems for shrink-fitting components (SIU-J | SMART INDUCTION UNIT JOINING) or for soldering components (SSU | SMART SOLDERING UNIT), ThermProTEC offers you the suitable special solution for joining.SIU-J | SMART INDUCTION UNIT JOININGShrinking is the best [&hellip;]<\/p>\n","protected":false},"author":1,"featured_media":3485,"parent":2214,"menu_order":0,"comment_status":"closed","ping_status":"closed","template":"","meta":{"_et_pb_use_builder":"on","_et_pb_old_content":"<!-- wp:divi\/placeholder \/-->","_et_gb_content_width":"","inline_featured_image":false,"footnotes":""},"class_list":["post-2287","page","type-page","status-publish","has-post-thumbnail","hentry"],"_links":{"self":[{"href":"https:\/\/www.thermprotec.com\/en\/wp-json\/wp\/v2\/pages\/2287","targetHints":{"allow":["GET"]}}],"collection":[{"href":"https:\/\/www.thermprotec.com\/en\/wp-json\/wp\/v2\/pages"}],"about":[{"href":"https:\/\/www.thermprotec.com\/en\/wp-json\/wp\/v2\/types\/page"}],"author":[{"embeddable":true,"href":"https:\/\/www.thermprotec.com\/en\/wp-json\/wp\/v2\/users\/1"}],"replies":[{"embeddable":true,"href":"https:\/\/www.thermprotec.com\/en\/wp-json\/wp\/v2\/comments?post=2287"}],"version-history":[{"count":7,"href":"https:\/\/www.thermprotec.com\/en\/wp-json\/wp\/v2\/pages\/2287\/revisions"}],"predecessor-version":[{"id":3401,"href":"https:\/\/www.thermprotec.com\/en\/wp-json\/wp\/v2\/pages\/2287\/revisions\/3401"}],"up":[{"embeddable":true,"href":"https:\/\/www.thermprotec.com\/en\/wp-json\/wp\/v2\/pages\/2214"}],"wp:featuredmedia":[{"embeddable":true,"href":"https:\/\/www.thermprotec.com\/en\/wp-json\/wp\/v2\/media\/3485"}],"wp:attachment":[{"href":"https:\/\/www.thermprotec.com\/en\/wp-json\/wp\/v2\/media?parent=2287"}],"curies":[{"name":"wp","href":"https:\/\/api.w.org\/{rel}","templated":true}]}}